{"id":799,"date":"2014-05-27T17:04:41","date_gmt":"2014-05-27T17:04:41","guid":{"rendered":"http:\/\/thanhhaingo.com\/?page_id=799"},"modified":"2019-09-10T20:24:58","modified_gmt":"2019-09-10T20:24:58","slug":"videos","status":"publish","type":"page","link":"https:\/\/honourablengo.ca\/fr\/media\/videos\/","title":{"rendered":"Vid\u00e9os"},"content":{"rendered":"<h2>VID\u00c9OS DE LA JOURN\u00c9E DU PARCOURS VERS LA LIBERT\u00c9<\/h2>\n<p>Les vid\u00e9os de la Journ\u00e9e du parcours vers la libert\u00e9 (en anglais seulement) r\u00e9capitulent les nombreuses c\u00e9r\u00e9monies de lev\u00e9e du drapeau et les \u00e9v\u00e9nements de comm\u00e9moration qui ont eu lieu en 2018 \u00e0 travers le Canada. Merci \u00e0 la communaut\u00e9 canadienne vietnamienne et aux gouvernements f\u00e9d\u00e9ral, provinciaux et municipaux au Canada pour votre appui g\u00e9n\u00e9reux pour ce mouvement de reconnaissance toujours croissant du 30 avril!<\/p>\n<h3>JOURN\u00c9E DU PARCOURS VERS LA LIBERT\u00c9 2016<\/h3>\n<p><iframe loading=\"lazy\" src=\"https:\/\/www.youtube.com\/embed\/g1UyZC-Bdsg\" width=\"560\" height=\"315\" frameborder=\"0\" allowfullscreen=\"allowfullscreen\"><\/iframe><\/p>\n<h3>JOURN\u00c9E DU PARCOURS VERS LA LIBERT\u00c9 2017<\/h3>\n<p><iframe loading=\"lazy\" title=\"Journey to Freedom Day\" width=\"500\" height=\"281\" src=\"https:\/\/www.youtube.com\/embed\/XmvMyEV2TeE?feature=oembed\" frameborder=\"0\" allow=\"accelerometer; autoplay; clipboard-write; encrypted-media; gyroscope; picture-in-picture; web-share\" referrerpolicy=\"strict-origin-when-cross-origin\" allowfullscreen><\/iframe><\/p>\n<p>&nbsp;<\/p>\n<h2>Cliquez ci-bas pour \u00e9couter l&rsquo;entrevue du S\u00e9nateur Ngo sur Radio VOA!<\/h2>\n<p>\u00c9coutez le S\u00e9nateur Ngo parler de l&rsquo;importance de la Journ\u00e9e du parcours vers la libert\u00e9 et autres sujets pertinents (en anglais seulement).<\/p>\n<p><iframe loading=\"lazy\" src=\"https:\/\/www.youtube.com\/embed\/-th97tV5Rk0\" width=\"560\" height=\"315\" frameborder=\"0\" allowfullscreen=\"allowfullscreen\"><\/iframe><\/p>\n<p>&nbsp;<\/p>\n<h3><\/h3>\n<h2>HISTORICA CANADA \u2013 L\u2019HISTOIRE DES R\u00c9FUGI\u00c9S VIETNAMIENS<\/h2>\n<p>En c\u00e9l\u00e9bration de la Journ\u00e9e mondiale des r\u00e9fugi\u00e9s, les\u00a0<a class=\"yt-uix-sessionlink \" href=\"https:\/\/www.youtube.com\/results?q=%23Minutesdupatrimoine\" data-url=\"\/results?q=%23Minutesdupatrimoine\" data-sessionlink=\"itct=CDIQ6TgYACITCJz-xanrzNQCFU2fnAodTBAH5Cj4HQ\">#Minutesdupatrimoine<\/a> nous compte l\u2019histoire des r\u00e9fugi\u00e9s vietnamiens qui ont quitt\u00e9 leur pays d\u2019origine au p\u00e9ril de leur vie afin de devenir des v\u00e9ritables canadiens (en anglais seulement).<\/p>\n<p><iframe loading=\"lazy\" title=\"Historica Canada - The Journey of Vietnam&#039;s Boat People\" width=\"500\" height=\"281\" src=\"https:\/\/www.youtube.com\/embed\/1vdI--4v8pg?feature=oembed\" frameborder=\"0\" allow=\"accelerometer; autoplay; clipboard-write; encrypted-media; gyroscope; picture-in-picture; web-share\" referrerpolicy=\"strict-origin-when-cross-origin\" allowfullscreen><\/iframe><\/p>\n<h3><\/h3>\n","protected":false},"excerpt":{"rendered":"<p>VID\u00c9OS DE LA JOURN\u00c9E DU PARCOURS VERS LA LIBERT\u00c9 Les vid\u00e9os de la Journ\u00e9e du parcours vers la libert\u00e9 (en anglais seulement) r\u00e9capitulent les nombreuses c\u00e9r\u00e9monies de lev\u00e9e du drapeau &hellip; <a href=\"https:\/\/honourablengo.ca\/fr\/media\/videos\/\">Read more<\/a><\/p>\n","protected":false},"author":1,"featured_media":7114,"parent":379,"menu_order":17,"comment_status":"closed","ping_status":"closed","template":"","meta":{"footnotes":""},"class_list":["post-799","page","type-page","status-publish","has-post-thumbnail","hentry"],"_links":{"self":[{"href":"https:\/\/honourablengo.ca\/fr\/wp-json\/wp\/v2\/pages\/799\/"}],"collection":[{"href":"https:\/\/honourablengo.ca\/fr\/wp-json\/wp\/v2\/pages\/"}],"about":[{"href":"https:\/\/honourablengo.ca\/fr\/wp-json\/wp\/v2\/types\/page\/"}],"author":[{"embeddable":true,"href":"https:\/\/honourablengo.ca\/fr\/wp-json\/wp\/v2\/users\/1\/"}],"replies":[{"embeddable":true,"href":"https:\/\/honourablengo.ca\/fr\/wp-json\/wp\/v2\/comments\/?post=799"}],"version-history":[{"count":11,"href":"https:\/\/honourablengo.ca\/fr\/wp-json\/wp\/v2\/pages\/799\/revisions\/"}],"predecessor-version":[{"id":6460,"href":"https:\/\/honourablengo.ca\/fr\/wp-json\/wp\/v2\/pages\/799\/revisions\/6460\/"}],"up":[{"embeddable":true,"href":"https:\/\/honourablengo.ca\/fr\/wp-json\/wp\/v2\/pages\/379\/"}],"wp:featuredmedia":[{"embeddable":true,"href":"https:\/\/honourablengo.ca\/fr\/wp-json\/wp\/v2\/media\/7114\/"}],"wp:attachment":[{"href":"https:\/\/honourablengo.ca\/fr\/wp-json\/wp\/v2\/media\/?parent=799"}],"curies":[{"name":"wp","href":"https:\/\/api.w.org\/{rel}","templated":true}]}}