{"id":7278,"date":"2019-09-11T14:42:54","date_gmt":"2019-09-11T14:42:54","guid":{"rendered":"http:\/\/thanhhaingo.com\/?page_id=7278"},"modified":"2021-11-03T18:27:55","modified_gmt":"2021-11-03T18:27:55","slug":"newsletters","status":"publish","type":"page","link":"https:\/\/honourablengo.ca\/fr\/newsletters\/","title":{"rendered":"Bulletins de nouvelles"},"content":{"rendered":"<p>CLIQUEZ SUR LES LIVRETS POUR T\u00c9L\u00c9CHARGER.<\/p>\n<h3>Bulletin de nouvelles &#8211; Hiver 2020<\/h3>\n<p><a href=\"https:\/\/honourablengo.ca\/wp-content\/uploads\/2021\/11\/Bulletin-de-nouvelles-2020.pdf\"><img loading=\"lazy\" decoding=\"async\" class=\"alignnone wp-image-8307 size-medium\" src=\"https:\/\/honourablengo.ca\/wp-content\/uploads\/2021\/11\/Bulletin-de-nouvelles-2020-pdf-232x300.jpg\" alt=\"\" width=\"232\" height=\"300\" \/><\/a><\/p>\n<h3>Bulletin de nouvelles &#8211; Hiver 2019<\/h3>\n<p><a href=\"https:\/\/drive.google.com\/file\/d\/19jdDAN1kReGyChTinmV0x9sJKzrE3ZS2\/view?usp=sharing\"><img loading=\"lazy\" decoding=\"async\" class=\"alignnone size-medium wp-image-6269\" src=\"http:\/\/honourablengo.ca\/wp-content\/uploads\/2019\/03\/Sen.-Ngo-Winter-Newsletter-2019-FR-232x300.jpg\" alt=\"\" width=\"232\" height=\"300\" srcset=\"https:\/\/honourablengo.ca\/wp-content\/uploads\/2019\/03\/Sen.-Ngo-Winter-Newsletter-2019-FR-232x300.jpg 232w, https:\/\/honourablengo.ca\/wp-content\/uploads\/2019\/03\/Sen.-Ngo-Winter-Newsletter-2019-FR-768x994.jpg 768w, https:\/\/honourablengo.ca\/wp-content\/uploads\/2019\/03\/Sen.-Ngo-Winter-Newsletter-2019-FR-791x1024.jpg 791w\" sizes=\"auto, (max-width: 232px) 100vw, 232px\" \/><\/a><\/p>\n<h3>Bulletin de nouvelles &#8211; Printemps 2019<\/h3>\n<p><a href=\"https:\/\/drive.google.com\/file\/d\/1qfAjg3_Pjcw6fC8P6L7jskEV6gGE-9V5\/view?usp=sharing\"><img loading=\"lazy\" decoding=\"async\" class=\" wp-image-6867 alignnone\" src=\"http:\/\/honourablengo.ca\/wp-content\/uploads\/2019\/06\/Sen.-Ngo-Spring-Newsletter-2019-FR.jpg\" alt=\"\" width=\"233\" height=\"301\" srcset=\"https:\/\/honourablengo.ca\/wp-content\/uploads\/2019\/06\/Sen.-Ngo-Spring-Newsletter-2019-FR.jpg 10200w, https:\/\/honourablengo.ca\/wp-content\/uploads\/2019\/06\/Sen.-Ngo-Spring-Newsletter-2019-FR-232x300.jpg 232w, https:\/\/honourablengo.ca\/wp-content\/uploads\/2019\/06\/Sen.-Ngo-Spring-Newsletter-2019-FR-768x994.jpg 768w, https:\/\/honourablengo.ca\/wp-content\/uploads\/2019\/06\/Sen.-Ngo-Spring-Newsletter-2019-FR-791x1024.jpg 791w\" sizes=\"auto, (max-width: 233px) 100vw, 233px\" \/><\/a><\/p>\n<h3>Bulletin de nouvelles &#8211; Automne 2018<\/h3>\n<p><a href=\"https:\/\/drive.google.com\/file\/d\/1AVT3D6uBB4uWaPY8fNLnXBsqPqMPFZnm\/view?usp=sharing\"><img loading=\"lazy\" decoding=\"async\" class=\"alignnone size-medium wp-image-5799\" src=\"http:\/\/honourablengo.ca\/wp-content\/uploads\/2018\/11\/Sen.-Ngo-Fall-Newsletter-2018-FR-232x300.jpg\" alt=\"\" width=\"232\" height=\"300\" srcset=\"https:\/\/honourablengo.ca\/wp-content\/uploads\/2018\/11\/Sen.-Ngo-Fall-Newsletter-2018-FR-232x300.jpg 232w, https:\/\/honourablengo.ca\/wp-content\/uploads\/2018\/11\/Sen.-Ngo-Fall-Newsletter-2018-FR-768x994.jpg 768w, https:\/\/honourablengo.ca\/wp-content\/uploads\/2018\/11\/Sen.-Ngo-Fall-Newsletter-2018-FR-791x1024.jpg 791w\" sizes=\"auto, (max-width: 232px) 100vw, 232px\" \/><\/a><\/p>\n<h3>Bulletin de nouvelles &#8211; \u00c9t\u00e9 2018<\/h3>\n<p><a href=\"https:\/\/drive.google.com\/file\/d\/1hKlYD-nfu8UelTYNicIIN2ql2YI2e9Tj\/view?usp=sharing\"><img loading=\"lazy\" decoding=\"async\" class=\"alignnone size-medium wp-image-5592\" src=\"http:\/\/honourablengo.ca\/wp-content\/uploads\/2018\/09\/Sen.-Ngo-Summer-Newsletter-2018-FR-Final-232x300.png\" alt=\"\" width=\"232\" height=\"300\" srcset=\"https:\/\/honourablengo.ca\/wp-content\/uploads\/2018\/09\/Sen.-Ngo-Summer-Newsletter-2018-FR-Final-232x300.png 232w, https:\/\/honourablengo.ca\/wp-content\/uploads\/2018\/09\/Sen.-Ngo-Summer-Newsletter-2018-FR-Final-768x994.png 768w, https:\/\/honourablengo.ca\/wp-content\/uploads\/2018\/09\/Sen.-Ngo-Summer-Newsletter-2018-FR-Final-791x1024.png 791w\" sizes=\"auto, (max-width: 232px) 100vw, 232px\" \/><\/a><\/p>\n<h3>Bulletin de nouvelles &#8211; Journ\u00e9e du parcours vers la libert\u00e9 2018 [\u00c9d. Sp\u00e9ciale]<\/h3>\n<p><a href=\"https:\/\/drive.google.com\/file\/d\/1t1gvzRw5utHdo2FGTZC0LNmMGwupZ23B\/view?usp=sharing\"><img loading=\"lazy\" decoding=\"async\" class=\"alignnone size-medium wp-image-5413\" src=\"http:\/\/honourablengo.ca\/wp-content\/uploads\/2018\/06\/Sen-Ngo-Journey-to-Freedom-Day-Newsletter-2018-FR-232x300.jpg\" alt=\"\" width=\"232\" height=\"300\" srcset=\"https:\/\/honourablengo.ca\/wp-content\/uploads\/2018\/06\/Sen-Ngo-Journey-to-Freedom-Day-Newsletter-2018-FR-232x300.jpg 232w, https:\/\/honourablengo.ca\/wp-content\/uploads\/2018\/06\/Sen-Ngo-Journey-to-Freedom-Day-Newsletter-2018-FR-768x994.jpg 768w, https:\/\/honourablengo.ca\/wp-content\/uploads\/2018\/06\/Sen-Ngo-Journey-to-Freedom-Day-Newsletter-2018-FR-791x1024.jpg 791w\" sizes=\"auto, (max-width: 232px) 100vw, 232px\" \/><\/a><\/p>\n<h3>Bulletin de nouvelles &#8211; Printemps 2018<\/h3>\n<p><a href=\"https:\/\/drive.google.com\/file\/d\/1IDBabW40Yr3jCGO4O7fVSdDtjc1fXTwi\/view?usp=sharing\"><img loading=\"lazy\" decoding=\"async\" class=\"alignnone size-medium wp-image-5108\" src=\"http:\/\/honourablengo.ca\/wp-content\/uploads\/2018\/04\/Sen.-Ngo-Spring-Newsletter-2018-FR-232x300.png\" alt=\"\" width=\"232\" height=\"300\" srcset=\"https:\/\/honourablengo.ca\/wp-content\/uploads\/2018\/04\/Sen.-Ngo-Spring-Newsletter-2018-FR-232x300.png 232w, https:\/\/honourablengo.ca\/wp-content\/uploads\/2018\/04\/Sen.-Ngo-Spring-Newsletter-2018-FR-768x994.png 768w, https:\/\/honourablengo.ca\/wp-content\/uploads\/2018\/04\/Sen.-Ngo-Spring-Newsletter-2018-FR-791x1024.png 791w\" sizes=\"auto, (max-width: 232px) 100vw, 232px\" \/><\/a><\/p>\n<h3>Bulletin de nouvelles &#8211;\u00a0\u00c9t\u00e9\u00a02017<\/h3>\n<p><a href=\"https:\/\/drive.google.com\/file\/d\/10zOdKF-gRDIKIVI0xbANvUrQJs7CEvCO\/view?usp=sharing\"><img loading=\"lazy\" decoding=\"async\" class=\"alignnone size-medium wp-image-5109\" src=\"http:\/\/honourablengo.ca\/wp-content\/uploads\/2018\/04\/Sen.-Ngo-Newsletter_Dec_2017_FR_Page_1-232x300.jpg\" alt=\"\" width=\"232\" height=\"300\" srcset=\"https:\/\/honourablengo.ca\/wp-content\/uploads\/2018\/04\/Sen.-Ngo-Newsletter_Dec_2017_FR_Page_1-232x300.jpg 232w, https:\/\/honourablengo.ca\/wp-content\/uploads\/2018\/04\/Sen.-Ngo-Newsletter_Dec_2017_FR_Page_1-768x994.jpg 768w, https:\/\/honourablengo.ca\/wp-content\/uploads\/2018\/04\/Sen.-Ngo-Newsletter_Dec_2017_FR_Page_1-791x1024.jpg 791w\" sizes=\"auto, (max-width: 232px) 100vw, 232px\" \/><\/a><\/p>\n<p>&nbsp;<\/p>\n","protected":false},"excerpt":{"rendered":"<p>CLIQUEZ SUR LES LIVRETS POUR T\u00c9L\u00c9CHARGER. Bulletin de nouvelles &#8211; Hiver 2020 Bulletin de nouvelles &#8211; Hiver 2019 Bulletin de nouvelles &#8211; Printemps 2019 Bulletin de nouvelles &#8211; Automne 2018 &hellip; <a href=\"https:\/\/honourablengo.ca\/fr\/newsletters\/\">Read more<\/a><\/p>\n","protected":false},"author":1,"featured_media":7055,"parent":0,"menu_order":0,"comment_status":"closed","ping_status":"closed","template":"","meta":{"footnotes":""},"class_list":["post-7278","page","type-page","status-publish","has-post-thumbnail","hentry"],"_links":{"self":[{"href":"https:\/\/honourablengo.ca\/fr\/wp-json\/wp\/v2\/pages\/7278\/"}],"collection":[{"href":"https:\/\/honourablengo.ca\/fr\/wp-json\/wp\/v2\/pages\/"}],"about":[{"href":"https:\/\/honourablengo.ca\/fr\/wp-json\/wp\/v2\/types\/page\/"}],"author":[{"embeddable":true,"href":"https:\/\/honourablengo.ca\/fr\/wp-json\/wp\/v2\/users\/1\/"}],"replies":[{"embeddable":true,"href":"https:\/\/honourablengo.ca\/fr\/wp-json\/wp\/v2\/comments\/?post=7278"}],"version-history":[{"count":6,"href":"https:\/\/honourablengo.ca\/fr\/wp-json\/wp\/v2\/pages\/7278\/revisions\/"}],"predecessor-version":[{"id":8310,"href":"https:\/\/honourablengo.ca\/fr\/wp-json\/wp\/v2\/pages\/7278\/revisions\/8310\/"}],"wp:featuredmedia":[{"embeddable":true,"href":"https:\/\/honourablengo.ca\/fr\/wp-json\/wp\/v2\/media\/7055\/"}],"wp:attachment":[{"href":"https:\/\/honourablengo.ca\/fr\/wp-json\/wp\/v2\/media\/?parent=7278"}],"curies":[{"name":"wp","href":"https:\/\/api.w.org\/{rel}","templated":true}]}}